{"id":360,"date":"2019-05-15T21:32:43","date_gmt":"2019-05-15T19:32:43","guid":{"rendered":"https:\/\/dance-on.net\/en\/?page_id=360"},"modified":"2019-12-03T14:30:51","modified_gmt":"2019-12-03T13:30:51","slug":"dossier","status":"publish","type":"page","link":"https:\/\/dance-on.net\/en\/dossier\/","title":{"rendered":"Dossier"},"content":{"rendered":"<p>[EN] Blindtext f\u00fcr Teasertext. Mit ihrer Strahlkraft, Erfahrung, kreativen Energie und nicht zuletzt ihrem gro\u00dfartigen t\u00e4nzerischen K\u00f6nnen haben sie die DANCE ON Mission in den letzten vier Jahren<\/p>\n","protected":false},"excerpt":{"rendered":"<p>[EN] Blindtext f\u00fcr Teasertext. Mit ihrer Strahlkraft, Erfahrung, kreativen Energie und nicht zuletzt ihrem gro\u00dfartigen t\u00e4nzerischen K\u00f6nnen haben sie die DANCE ON Mission in den letzten vier Jahren<\/p>\n","protected":false},"author":1,"featured_media":0,"parent":0,"menu_order":0,"comment_status":"closed","ping_status":"closed","template":"content-page-first-edition.php","meta":{"_acf_changed":false,"footnotes":""},"class_list":["post-360","page","type-page","status-publish","hentry"],"acf":[],"_links":{"self":[{"href":"https:\/\/dance-on.net\/en\/wp-json\/wp\/v2\/pages\/360","targetHints":{"allow":["GET"]}}],"collection":[{"href":"https:\/\/dance-on.net\/en\/wp-json\/wp\/v2\/pages"}],"about":[{"href":"https:\/\/dance-on.net\/en\/wp-json\/wp\/v2\/types\/page"}],"author":[{"embeddable":true,"href":"https:\/\/dance-on.net\/en\/wp-json\/wp\/v2\/users\/1"}],"replies":[{"embeddable":true,"href":"https:\/\/dance-on.net\/en\/wp-json\/wp\/v2\/comments?post=360"}],"version-history":[{"count":0,"href":"https:\/\/dance-on.net\/en\/wp-json\/wp\/v2\/pages\/360\/revisions"}],"wp:attachment":[{"href":"https:\/\/dance-on.net\/en\/wp-json\/wp\/v2\/media?parent=360"}],"curies":[{"name":"wp","href":"https:\/\/api.w.org\/{rel}","templated":true}]}}